{"id":508,"date":"2022-11-16T09:28:48","date_gmt":"2022-11-16T09:28:48","guid":{"rendered":"http:\/\/www.siralikebap.com\/?page_id=508"},"modified":"2025-10-01T10:59:42","modified_gmt":"2025-10-01T10:59:42","slug":"home-page-2","status":"publish","type":"page","link":"http:\/\/www.siralikebap.com\/?page_id=508&lang=en","title":{"rendered":"Home Page"},"content":{"rendered":"<p>[vc_row css=&#8221;.vc_custom_1665586833752{margin-bottom: 0px !important;}&#8221; op_icon_type=&#8221;icon_font&#8221; one_page_icon=&#8221;fa fa-adjust&#8221;][vc_column offset=&#8221;vc_hidden-md vc_hidden-sm vc_hidden-xs&#8221;][rev_slider_vc alias=&#8221;restaurant&#8221;][\/vc_column][\/vc_row][vc_row css=&#8221;.vc_custom_1665586833752{margin-bottom: 0px !important;}&#8221; op_icon_type=&#8221;icon_font&#8221; one_page_icon=&#8221;fa fa-adjust&#8221;][vc_column offset=&#8221;vc_hidden-lg&#8221;][rev_slider_vc alias=&#8221;restaurant-12&#8243;][\/vc_column][\/vc_row][vc_row full_width=&#8221;stretch_row_content_no_spaces&#8221; equal_height=&#8221;yes&#8221; css_animation=&#8221;fadeIn&#8221; css=&#8221;.vc_custom_1759138443853{margin-top: 0px !important;margin-bottom: 0px !important;background-color: #000000 !important;}&#8221; el_class=&#8221;responsive-border&#8221; el_id=&#8221;reservation&#8221;][vc_column css=&#8221;.vc_custom_1666695682377{padding-top: 40px !important;padding-bottom: 70px !important;background-position: center !important;background-repeat: no-repeat !important;background-size: cover !important;}&#8221; el_class=&#8221;overlay-dark&#8221;][vc_single_image image=&#8221;114&#8243; img_size=&#8221;250*150&#8243; alignment=&#8221;center&#8221;][vc_column_text]<\/p>\n<p style=\"text-align: center;\"><span style=\"font-family: helvetica; font-size: 16px;\"><strong>Where Tradition Meets Fire<\/strong><\/span><\/p>\n<p class=\"Gvde\" style=\"text-align: center;\"><span style=\"font-family: helvetica; font-size: 14px;\">Discover the unforgettable flavors of Turkey\u2019s legendary cuisine\u2014grilled over glowing embers,<\/span><br \/>\n<span style=\"font-family: helvetica; font-size: 14px;\">served with modern flair, and ready to set America\u2019s dining scene ablaze.<\/span>[\/vc_column_text][vc_empty_space height=&#8221;35px&#8221;][vc_btn title=&#8221;Dine with Us | Own a Franchise&#8221; style=&#8221;outline-custom&#8221; outline_custom_color=&#8221;#ffffff&#8221; outline_custom_hover_background=&#8221;#0a0a0a&#8221; outline_custom_hover_text=&#8221;#ffffff&#8221; shape=&#8221;square&#8221; size=&#8221;lg&#8221; align=&#8221;center&#8221; link=&#8221;url:%23contact|title:Ana%20Sayfa||&#8221;][\/vc_column][\/vc_row][vc_row full_width=&#8221;stretch_row_content_no_spaces&#8221; equal_height=&#8221;yes&#8221; css=&#8221;.vc_custom_1759138451142{margin-bottom: 0px !important;background-color: #0a0a0a !important;}&#8221; el_id=&#8221;about&#8221;][vc_column parallax=&#8221;content-moving&#8221; parallax_image=&#8221;715&#8243; width=&#8221;1\/2&#8243; css=&#8221;.vc_custom_1759314848188{background-position: center !important;background-repeat: no-repeat !important;background-size: cover !important;}&#8221; offset=&#8221;vc_col-xs-12&#8243;][\/vc_column][vc_column width=&#8221;1\/2&#8243; vertical_align=&#8221;middle&#8221; css=&#8221;.vc_custom_1666949188489{background-position: center !important;background-repeat: no-repeat !important;background-size: cover !important;}&#8221; offset=&#8221;vc_col-xs-12&#8243;][vc_column_text css=&#8221;.vc_custom_1759153898104{padding-top: 50px !important;padding-right: 100px !important;padding-bottom: 50px !important;padding-left: 100px !important;}&#8221;]<\/p>\n<h5 class=\"Gvde\" style=\"text-align: left;\"><strong><span style=\"font-family: helvetica; font-size: 16px; color: #ffffff;\">The Siral\u0131 Experience\u00a0<\/span><\/strong><\/h5>\n<p>&nbsp;<\/p>\n<div dir=\"auto\"><span style=\"font-family: helvetica; font-size: 14px; color: #ffffff;\">Not just a restaurant : an experience.<\/span><\/div>\n<p>&nbsp;<\/p>\n<div dir=\"auto\"><span style=\"font-family: helvetica; font-size: 14px; color: #ffffff;\">Authentic Recipes : Passed down for generations, infused with Mediterranean spices.<\/span><\/div>\n<p>&nbsp;<\/p>\n<div dir=\"auto\"><span style=\"font-family: helvetica; font-size: 14px; color: #ffffff;\">Modern Dining : Stylish interiors and dramatic tableside presentations that create lasting memories.<\/span><\/div>\n<p>&nbsp;<\/p>\n<div dir=\"auto\"><span style=\"font-family: helvetica; font-size: 14px; color: #ffffff;\">Proven Success :\u00a0 International locations show our concept works across cultures and markets.<\/span><\/div>\n<p><span style=\"color: #ffffff; font-size: 14px;\">\u00a0<\/span><\/p>\n<div dir=\"auto\"><span style=\"font-family: helvetica; font-size: 14px; color: #ffffff;\">Hospitality at Heart : Every guest is treated like family.<\/span><\/div>\n<p>[\/vc_column_text][vc_empty_space height=&#8221;100px&#8221;][\/vc_column][\/vc_row][vc_row full_width=&#8221;stretch_row_content_no_spaces&#8221; equal_height=&#8221;yes&#8221; css_animation=&#8221;fadeIn&#8221; css=&#8221;.vc_custom_1759184154993{margin-bottom: 0px !important;padding-top: 0px !important;}&#8221; el_id=&#8221;menu&#8221;][vc_column width=&#8221;1\/2&#8243; el_class=&#8221;img-center-top&#8221; css=&#8221;.vc_custom_1666949205305{padding-top: 0px !important;background-color: #000000 !important;background-position: center !important;background-repeat: no-repeat !important;background-size: cover !important;}&#8221;][vc_row_inner][vc_column_inner css=&#8221;.vc_custom_1665579494063{padding-top: 50px !important;padding-bottom: 50px !important;}&#8221;][vc_single_image image=&#8221;722&#8243; img_size=&#8221;large&#8221; css=&#8221;.vc_custom_1759316345717{padding-top: 10px !important;padding-bottom: 10px !important;}&#8221;][vc_column_text css=&#8221;.vc_custom_1759316369587{padding-top: 70px !important;padding-bottom: 20px !important;}&#8221;]<\/p>\n<h5 style=\"text-align: center;\"><span style=\"font-family: helvetica; font-size: 16px;\">Imagine the bold flavors of Turkish kebabs,<\/span><br \/>\n<span style=\"font-family: helvetica; font-size: 16px;\">the lively atmosphere of a tapas bar,<\/span><br \/>\n<span style=\"font-family: helvetica; font-size: 16px;\">and the heart of a family-style American grill\u2014all in one place. That\u2019s Siral\u0131.<\/span><\/h5>\n<p>[\/vc_column_text][\/vc_column_inner][\/vc_row_inner][\/vc_column][vc_column parallax=&#8221;content-moving&#8221; parallax_image=&#8221;272&#8243; width=&#8221;1\/2&#8243; vertical_align=&#8221;bottom&#8221; css=&#8221;.vc_custom_1666946614047{background-position: center !important;background-repeat: no-repeat !important;background-size: cover !important;}&#8221; el_class=&#8221;img-center-top&#8221;][vc_column_text css=&#8221;.vc_custom_1759153394245{padding-top: 300px !important;padding-right: 100px !important;padding-bottom: 100px !important;padding-left: 100px !important;}&#8221;]<\/p>\n<div dir=\"auto\"><strong><span style=\"font-family: helvetica; color: #ffffff;\">Menu Highlights<\/span><\/strong><\/div>\n<p>&nbsp;<\/p>\n<div dir=\"auto\"><span style=\"font-family: helvetica; font-size: 14px; color: #ffffff;\">Signature Kebabs \u2013 Charcoal-grilled meats seasoned with centuries-old spice blends.<\/span><\/div>\n<p><span style=\"font-size: 14px; color: #ffffff; font-family: helvetica;\">\u00a0<\/span><\/p>\n<div dir=\"auto\"><span style=\"font-family: helvetica; font-size: 14px; color: #ffffff;\">Family Platters \u2013 Perfect for sharing, piled high with kebabs, fresh salads, and warm bread.<\/span><\/div>\n<p>&nbsp;<\/p>\n<div dir=\"auto\"><span style=\"font-family: helvetica; font-size: 14px; color: #ffffff;\">Vegetarian &amp; Vegan Options \u2013 From smoky eggplant dips to lentil koftes, plant-forward dining that doesn\u2019t compromise flavor.<\/span><\/div>\n<p><span style=\"font-family: helvetica;\">\u00a0<\/span><\/p>\n<div dir=\"auto\"><span style=\"font-family: helvetica; font-size: 14px; color: #ffffff;\">Fresh Mezes \u2013 Small plates bursting with Mediterranean zest\u2014great for sharing.<\/span><\/div>\n<p>&nbsp;<\/p>\n<div dir=\"auto\"><span style=\"font-family: helvetica; font-size: 14px; color: #ffffff;\">Decadent Desserts \u2013 Classic baklava and more, baked fresh daily.<\/span><\/div>\n<p>[\/vc_column_text][\/vc_column][\/vc_row][vc_row full_width=&#8221;stretch_row_content_no_spaces&#8221; equal_height=&#8221;yes&#8221; css=&#8221;.vc_custom_1759184163031{margin-bottom: 0px !important;}&#8221; el_id=&#8221;franchise&#8221;][vc_column parallax=&#8221;content-moving&#8221; parallax_image=&#8221;717&#8243; width=&#8221;1\/2&#8243; el_class=&#8221;img-center-top&#8221; css=&#8221;.vc_custom_1759314890690{background-position: center !important;background-repeat: no-repeat !important;background-size: cover !important;}&#8221; offset=&#8221;vc_hidden-sm vc_hidden-xs&#8221;][\/vc_column][vc_column width=&#8221;1\/2&#8243; vertical_align=&#8221;middle&#8221; css=&#8221;.vc_custom_1666883459449{background-color: #000000 !important;background-position: center !important;background-repeat: no-repeat !important;background-size: cover !important;}&#8221;][vc_column_text css=&#8221;.vc_custom_1759152918165{padding-top: 50px !important;padding-right: 100px !important;padding-bottom: 50px !important;padding-left: 100px !important;}&#8221;]<\/p>\n<div>\n<h5 class=\"Gvde\" style=\"text-align: left;\"><span style=\"color: #ffffff;\"><strong><span style=\"font-family: helvetica; font-size: 16px;\">Bring the Fire to Your City<\/span><\/strong><\/span><\/h5>\n<p><span style=\"color: #ffffff;\">\u00a0<\/span><\/div>\n<div>\n<div dir=\"auto\"><span style=\"font-family: helvetica; color: #ffffff; font-size: 14px;\">Turkish cuisine is one of the fastest-growing food trends in the world \u2014and Siral\u0131 Kebap is leaing the way. With proven international success, a strong brand identity, and turnkey support, we\u2019re ready to help entrepreneurs build thriving restaurants across Europe to America.<\/span><\/div>\n<\/div>\n<p>&nbsp;<\/p>\n<div>\n<div dir=\"auto\"><span style=\"font-family: helvetica; color: #ffffff; font-size: 14px;\">Why Franchise With Us?<\/span><\/div>\n<\/div>\n<p>&nbsp;<\/p>\n<div>\n<div dir=\"auto\"><span style=\"font-family: helvetica; color: #ffffff; font-size: 14px;\">Proven Model:\u00a0 Success in multiple international markets.<\/span><\/div>\n<\/div>\n<p>&nbsp;<\/p>\n<div>\n<div dir=\"auto\"><span style=\"font-family: helvetica; color: #ffffff; font-size: 14px;\">Training &amp; Support:\u00a0 From kitchen operations to marketing, we guide you every step.<\/span><\/div>\n<\/div>\n<p>&nbsp;<\/p>\n<div>\n<div dir=\"auto\"><span style=\"font-family: helvetica; color: #ffffff; font-size: 14px;\">Unique Positioning:\u00a0 A premium Turkish\/Mediterranean concept that stands out among generic grills.<\/span><\/div>\n<\/div>\n<p>[\/vc_column_text][vc_empty_space height=&#8221;60px&#8221;][vc_btn title=&#8221;Request Our International Franchise Prospectus&#8221; style=&#8221;outline-custom&#8221; outline_custom_color=&#8221;#ffffff&#8221; outline_custom_hover_background=&#8221;#0a0a0a&#8221; outline_custom_hover_text=&#8221;#ffffff&#8221; shape=&#8221;square&#8221; size=&#8221;lg&#8221; align=&#8221;left&#8221; css=&#8221;.vc_custom_1759259903136{padding-right: 100px !important;padding-left: 100px !important;}&#8221; link=&#8221;url:http%3A%2F%2Fwww.siralikebap.com%2F%3Fpage_id%3D534%26lang%3Den|title:Franchise%20Form|target:%20_blank|&#8221;][vc_empty_space height=&#8221;50px&#8221;][\/vc_column][\/vc_row][vc_row full_width=&#8221;stretch_row_content_no_spaces&#8221; css=&#8221;.vc_custom_1667292934342{margin-bottom: 0px !important;background-color: #0a0a0a !important;}&#8221; el_id=&#8221;gallery&#8221;][vc_column vertical_align=&#8221;middle&#8221;][vc_row_inner][vc_column_inner][vc_gallery type=&#8221;nivo&#8221; interval=&#8221;5&#8243; images=&#8221;278,279,275&#8243; img_size=&#8221;1500*400&#8243;][\/vc_column_inner][\/vc_row_inner][\/vc_column][\/vc_row][vc_row full_width=&#8221;stretch_row_content_no_spaces&#8221; disable_element=&#8221;yes&#8221; el_class=&#8221;overlay-dark&#8221;][vc_column css=&#8221;.vc_custom_1450253293269{padding-top: 80px !important;padding-right: 20px !important;padding-bottom: 80px !important;padding-left: 20px !important;background-image: url(http:\/\/www.siralikebap.com\/wp-content\/uploads\/2015\/12\/bg.jpg?id=70) !important;background-position: center !important;background-repeat: no-repeat !important;background-size: cover !important;}&#8221; el_class=&#8221;overlay-dark&#8221;][vc_column_text el_class=&#8221;text-light&#8221;]<\/p>\n<h2 class=\"block-title t-about-title\" style=\"text-align: center;\"><img loading=\"lazy\" class=\"alignnone size-full wp-image-69\" src=\"http:\/\/www.siralikebap.com\/wp-content\/uploads\/2015\/12\/ico12.png\" alt=\"ico12\" width=\"127\" height=\"107\" \/><\/h2>\n<h2 class=\"block-title t-about-title\" style=\"text-align: center;\"><span style=\"color: #ffffff;\">DO NOT MISS<\/span><br \/>\n<span style=\"color: #ffffff;\">OPPORTUNITY<\/span><\/h2>\n<p class=\"sub-title t-sub-title\" style=\"text-align: center;\"><span style=\"color: #ffffff;\">Duis non condimentum nunc. Nunc quis turpis eu est tincidunt rutrum. Cras a purus quis sem tincidunt egestas vel id lacus.<\/span><\/p>\n<p>[\/vc_column_text]<div class=\"wpcf7 no-js\" id=\"wpcf7-f32-o1\" lang=\"en-US\" dir=\"ltr\">\n<div class=\"screen-reader-response\"><p role=\"status\" aria-live=\"polite\" aria-atomic=\"true\"><\/p> <ul><\/ul><\/div>\n<form action=\"\/index.php?rest_route=%2Fwp%2Fv2%2Fpages%2F508#wpcf7-f32-o1\" method=\"post\" class=\"wpcf7-form init\" aria-label=\"Contact form\" novalidate=\"novalidate\" data-status=\"init\">\n<div style=\"display: none;\">\n<input type=\"hidden\" name=\"_wpcf7\" value=\"32\" \/>\n<input type=\"hidden\" name=\"_wpcf7_version\" value=\"5.7.2\" \/>\n<input type=\"hidden\" name=\"_wpcf7_locale\" value=\"en_US\" \/>\n<input type=\"hidden\" name=\"_wpcf7_unit_tag\" value=\"wpcf7-f32-o1\" \/>\n<input type=\"hidden\" name=\"_wpcf7_container_post\" value=\"0\" \/>\n<input type=\"hidden\" name=\"_wpcf7_posted_data_hash\" value=\"\" \/>\n<\/div>\n<div class=\"reservation-form clearfix\">\n\t<div class=\"input-reservation\">\n\t\t<p><span class=\"wpcf7-form-control-wrap\" data-name=\"order-q\"><input size=\"40\" class=\"wpcf7-form-control wpcf7-text date\" aria-invalid=\"false\" placeholder=\"18\/05\/2015\" value=\"\" type=\"text\" name=\"order-q\" \/><\/span>\n\t\t<\/p>\n\t<\/div>\n\t<div class=\"input-reservation\">\n\t\t<p><span class=\"wpcf7-form-control-wrap\" data-name=\"order-q\"><input size=\"40\" class=\"wpcf7-form-control wpcf7-text person\" aria-invalid=\"false\" placeholder=\"2 people\" value=\"\" type=\"text\" name=\"order-q\" \/><\/span>\n\t\t<\/p>\n\t<\/div>\n\t<div class=\"input-reservation\">\n\t\t<p><span class=\"wpcf7-form-control-wrap\" data-name=\"order-time\"><input size=\"40\" class=\"wpcf7-form-control wpcf7-text time\" aria-invalid=\"false\" placeholder=\"19:00\" value=\"\" type=\"text\" name=\"order-time\" \/><\/span>\n\t\t<\/p>\n\t<\/div>\n\t<div class=\"input-reservation\">\n\t\t<p><span class=\"wpcf7-form-control-wrap\" data-name=\"order-name\"><input size=\"40\" class=\"wpcf7-form-control wpcf7-text\" aria-invalid=\"false\" placeholder=\"Your name\" value=\"\" type=\"text\" name=\"order-name\" \/><\/span>\n\t\t<\/p>\n\t<\/div>\n\t<p style=\"text-align:center;\"><button type=\"submit\" class=\"reserv-submit\">Submit <i class=\"fa fa-long-arrow-right\"><\/i><\/button>\n\t<\/p>\n<\/div><div class=\"wpcf7-response-output\" aria-hidden=\"true\"><\/div><\/form><\/div>[\/vc_column][\/vc_row][vc_row disable_element=&#8221;yes&#8221; css=&#8221;.vc_custom_1665582615608{margin-bottom: 0px !important;padding-top: 90px !important;padding-bottom: 60px !important;}&#8221;][vc_column width=&#8221;1\/3&#8243;][vc_column_text]<\/p>\n<h5 style=\"font-size: 13px; margin-bottom: 25px; color: #333;\">ADDRESS<\/h5>\n<p style=\"color: #acafba; line-height: 24px; text-align: left; margin-top: 0; margin-bottom: 0;\">Cum sociis natoque penatibus et magnis dis parturient montes<\/p>\n<h5 style=\"font-size: 13px; margin-bottom: 25px; margin-top: 50px; color: #333;\">CALL US<\/h5>\n<p><a class=\"phone\" href=\"tel:+485558960568188\">+48 555 896 0568 188<\/a><\/p>\n<h5 style=\"font-size: 13px; margin-bottom: 25px; margin-top: 50px; color: #333;\">EMAIL<\/h5>\n<p><a class=\"mail-us\" href=\"mailto:clients@simplissimo.com\">clients@simplissimo.com<\/a>[\/vc_column_text][\/vc_column][vc_column width=&#8221;2\/3&#8243;]<div class=\"wpcf7 no-js\" id=\"wpcf7-f5-o2\" lang=\"en-US\" dir=\"ltr\">\n<div class=\"screen-reader-response\"><p role=\"status\" aria-live=\"polite\" aria-atomic=\"true\"><\/p> <ul><\/ul><\/div>\n<form action=\"\/index.php?rest_route=%2Fwp%2Fv2%2Fpages%2F508#wpcf7-f5-o2\" method=\"post\" class=\"wpcf7-form init\" aria-label=\"Contact form\" novalidate=\"novalidate\" data-status=\"init\">\n<div style=\"display: none;\">\n<input type=\"hidden\" name=\"_wpcf7\" value=\"5\" \/>\n<input type=\"hidden\" name=\"_wpcf7_version\" value=\"5.7.2\" \/>\n<input type=\"hidden\" name=\"_wpcf7_locale\" value=\"en_US\" \/>\n<input type=\"hidden\" name=\"_wpcf7_unit_tag\" value=\"wpcf7-f5-o2\" \/>\n<input type=\"hidden\" name=\"_wpcf7_container_post\" value=\"0\" \/>\n<input type=\"hidden\" name=\"_wpcf7_posted_data_hash\" value=\"\" \/>\n<\/div>\n<div class='contact-us'>\n\t<div class='row'>\n\t\t<div class='col-md-6 col-sm-6'>\n\t\t\t<p><span class=\"wpcf7-form-control-wrap\" data-name=\"your-name\"><input size=\"40\" class=\"wpcf7-form-control wpcf7-text wpcf7-validates-as-required\" aria-required=\"true\" aria-invalid=\"false\" placeholder=\"Your name\" value=\"\" type=\"text\" name=\"your-name\" \/><\/span>\n\t\t\t<\/p>\n\t\t<\/div>\n\t\t<div class='col-md-6 col-sm-6'>\n\t\t\t<p><span class=\"wpcf7-form-control-wrap\" data-name=\"your-email\"><input size=\"40\" class=\"wpcf7-form-control wpcf7-text wpcf7-validates-as-required\" aria-required=\"true\" aria-invalid=\"false\" placeholder=\"Your email\" value=\"\" type=\"text\" name=\"your-email\" \/><\/span>\n\t\t\t<\/p>\n\t\t<\/div>\n\t\t<div class='col-md-6 col-sm-6'>\n\t\t\t<p><span class=\"wpcf7-form-control-wrap\" data-name=\"your-subject\"><input size=\"40\" class=\"wpcf7-form-control wpcf7-text wpcf7-validates-as-required\" aria-required=\"true\" aria-invalid=\"false\" placeholder=\"Subject\" value=\"\" type=\"text\" name=\"your-subject\" \/><\/span>\n\t\t\t<\/p>\n\t\t<\/div>\n\t\t<div class='col-md-6 col-sm-6'>\n\t\t\t<p><span class=\"wpcf7-form-control-wrap\" data-name=\"your-tel\"><input size=\"40\" class=\"wpcf7-form-control wpcf7-text wpcf7-validates-as-required\" aria-required=\"true\" aria-invalid=\"false\" placeholder=\"Contact phone\" value=\"\" type=\"text\" name=\"your-tel\" \/><\/span>\n\t\t\t<\/p>\n\t\t<\/div>\n\t\t<div class='col-md-12 col-sm-12'>\n\t\t\t<p><span class=\"wpcf7-form-control-wrap\" data-name=\"your-message\"><textarea cols=\"40\" rows=\"10\" class=\"wpcf7-form-control wpcf7-textarea\" aria-invalid=\"false\" placeholder=\"Message\" name=\"your-message\"><\/textarea><\/span>\n\t\t\t<\/p>\n\t\t<\/div>\n\t\t<div class='col-md-12 col-sm-12'>\n\t\t\t<p><input class=\"wpcf7-form-control has-spinner wpcf7-submit\" type=\"submit\" value=\"SUBMIT\" \/>\n\t\t\t<\/p>\n\t\t<\/div>\n\t<\/div>\n<\/div><div class=\"wpcf7-response-output\" aria-hidden=\"true\"><\/div><\/form><\/div>[\/vc_column][\/vc_row][vc_row full_width=&#8221;stretch_row_content_no_spaces&#8221; el_id=&#8221;contact&#8221;][vc_column css=&#8221;.vc_custom_1665586175752{background-color: #254935 !important;}&#8221;][vc_empty_space][vc_column_text]<\/p>\n<h5 style=\"text-align: center;\"><span style=\"font-size: 20px; font-family: helvetica;\">Locations<\/span><\/h5>\n<p>[\/vc_column_text][vc_empty_space][vc_row_inner][vc_column_inner width=&#8221;1\/12&#8243;][\/vc_column_inner][vc_column_inner width=&#8221;1\/6&#8243;][vc_column_text]<\/p>\n<p style=\"text-align: center;\"><span style=\"font-size: 14pt;\"><img loading=\"lazy\" class=\"alignnone wp-image-616\" src=\"http:\/\/www.siralikebap.com\/wp-content\/uploads\/2022\/12\/map.png\" alt=\"\" width=\"20\" height=\"20\" \/><a href=\"https:\/\/goo.gl\/maps\/GBd9fXAdVgJeuGuFA\" target=\"_blank\" rel=\"noopener\">Antalya<\/a><\/span><\/p>\n<p style=\"text-align: center;\"><a href=\"tel:+905338902121\">0 (533) 890 21 21<\/a><br \/>\n<a href=\"tel:+902423232123\">0 (242) 323 21 23<\/a><\/p>\n<p style=\"text-align: center;\">\u00c7a\u011flayan Mahallesi Eski Lara Caddesi<br \/>\nNo:319 Lara Muratpa\u015fa, Antalya<\/p>\n<p style=\"text-align: center;\"><a href=\"http:\/\/instagram.com\/siralikebap\">@siralikebap<\/a><\/p>\n<p>[\/vc_column_text][vc_empty_space][\/vc_column_inner][vc_column_inner width=&#8221;1\/6&#8243;][vc_column_text]<\/p>\n<p style=\"text-align: center;\"><span style=\"font-size: 14pt;\"><img loading=\"lazy\" class=\"alignnone wp-image-616\" src=\"http:\/\/www.siralikebap.com\/wp-content\/uploads\/2022\/12\/map.png\" alt=\"\" width=\"20\" height=\"20\" \/><a href=\"https:\/\/goo.gl\/maps\/w49w25inKFP6N8iH7\" target=\"_blank\" rel=\"noopener\">\u0130stanbul<\/a><\/span><\/p>\n<p style=\"text-align: center;\"><a href=\"tel:+902122636343\">0 (212) 263 63 43<\/a><br \/>\n<a href=\"tel:+905075036346\">0 (507) 503 63 46<\/a><\/p>\n<p style=\"text-align: center;\">Etiler Mahallesi Nispetiye Caddesi No: 79 Be\u015fikta\u015f, \u0130stanbul<span class=\"Apple-converted-space\">\u00a0<\/span><\/p>\n<p style=\"text-align: center;\"><a href=\"http:\/\/instagram.com\/siralikebapistanbul\">@siralikebapistanbul<\/a><\/p>\n<p>[\/vc_column_text][vc_empty_space][\/vc_column_inner][vc_column_inner width=&#8221;1\/6&#8243;][vc_column_text]<\/p>\n<p style=\"text-align: center;\"><span style=\"font-size: 14pt;\"><img loading=\"lazy\" class=\"alignnone wp-image-616\" src=\"http:\/\/www.siralikebap.com\/wp-content\/uploads\/2022\/12\/map.png\" alt=\"\" width=\"20\" height=\"20\" \/><a href=\"https:\/\/goo.gl\/maps\/jv8xiZsjM2Tf6jF66\" target=\"_blank\" rel=\"noopener\">Ankara<\/a><\/span><\/p>\n<p style=\"text-align: center;\"><a href=\"tel:+903122864400\">0 (312) 286 44 00<\/a><br \/>\n<a href=\"tel:+905320100106\">0 (532) 010 01 06<\/a><\/p>\n<p style=\"text-align: center;\">Mustafa Kemal Mah. Dumlup\u0131nar Blv. Tepe Prime A Blok No: 266A \u00c7ankaya, Ankara<\/p>\n<p style=\"text-align: center;\"><a href=\"http:\/\/instagram.com\/siralikebapankara\">@siralikebapankara<\/a><\/p>\n<p>[\/vc_column_text][vc_empty_space][\/vc_column_inner][vc_column_inner width=&#8221;1\/6&#8243;][vc_column_text]<\/p>\n<p style=\"text-align: center;\"><span style=\"font-size: 14pt;\"><img loading=\"lazy\" class=\"alignnone wp-image-616\" src=\"http:\/\/www.siralikebap.com\/wp-content\/uploads\/2022\/12\/map.png\" alt=\"\" width=\"20\" height=\"20\" \/><a href=\"https:\/\/goo.gl\/maps\/mBiPTcbVdL2PugjU6\" target=\"_blank\" rel=\"noopener\">Dubai<\/a><\/span><\/p>\n<p style=\"text-align: center;\"><a href=\"tel:+971044561760\">(971) 04 456 17 60<\/a><br \/>\n<a href=\"tel:+971585827092\">(971) 58 582 70 92<\/a><\/p>\n<p style=\"text-align: center;\">Sirali Kebap Dubai , Al Habtoor City Dubai, United Arab Emirates<\/p>\n<p style=\"text-align: center;\"><a href=\"http:\/\/instagram.com\/siralikebapdubai\">@siralikebapdubai<\/a><\/p>\n<p>[\/vc_column_text][vc_empty_space][\/vc_column_inner][vc_column_inner width=&#8221;1\/6&#8243;][vc_column_text]<\/p>\n<p style=\"text-align: center;\"><span style=\"font-size: 14pt;\"><img loading=\"lazy\" class=\"alignnone wp-image-616\" src=\"http:\/\/www.siralikebap.com\/wp-content\/uploads\/2022\/12\/map.png\" alt=\"\" width=\"20\" height=\"20\" \/>Tashkent<\/span><\/p>\n<p style=\"text-align: center;\"><a href=\"tel:+998955553333\">(998) 95\u00a05553333<\/a><br \/>\n<a href=\"tel:+998955554444\">(998) 95 5554444<\/a><\/p>\n<p style=\"text-align: center;\">Tashkent, Almazar district, st. Furkata,<br \/>\n2A 100011 Republic of Uzbekistan[\/vc_column_text][\/vc_column_inner][vc_column_inner width=&#8221;1\/12&#8243;][\/vc_column_inner][\/vc_row_inner][\/vc_column][\/vc_row]<\/p>\n","protected":false},"excerpt":{"rendered":"<p>[vc_row css=&#8221;.vc_custom_1665586833752{margin-bottom: 0px !important;}&#8221; op_icon_type=&#8221;icon_font&#8221; one_page_icon=&#8221;fa fa-adjust&#8221;][vc_column offset=&#8221;vc_hidden-md vc_hidden-sm vc_hidden-xs&#8221;][rev_slider_vc alias=&#8221;restaurant&#8221;][\/vc_column][\/vc_row][vc_row css=&#8221;.vc_custom_1665586833752{margin-bottom: 0px !important;}&#8221; op_icon_type=&#8221;icon_font&#8221; one_page_icon=&#8221;fa fa-adjust&#8221;][vc_column offset=&#8221;vc_hidden-lg&#8221;][rev_slider_vc alias=&#8221;restaurant-12&#8243;][\/vc_column][\/vc_row][vc_row full_width=&#8221;stretch_row_content_no_spaces&#8221; equal_height=&#8221;yes&#8221; css_animation=&#8221;fadeIn&#8221; css=&#8221;.vc_custom_1759138443853{margin-top: 0px !important;margin-bottom: 0px !important;background-color: #000000 !important;}&#8221; el_class=&#8221;responsive-border&#8221; el_id=&#8221;reservation&#8221;][vc_column css=&#8221;.vc_custom_1666695682377{padding-top: 40px !important;padding-bottom: 70px !important;background-position: center !important;background-repeat: no-repeat !important;background-size: cover !important;}&#8221; el_class=&#8221;overlay-dark&#8221;][vc_single_image image=&#8221;114&#8243; img_size=&#8221;250*150&#8243; alignment=&#8221;center&#8221;][vc_column_text]<\/p>\n<p style=\"text-align: center;\">Where Tradition Meets Fire<\/p>\n<p class=\"Gvde\" style=\"text-align: center;\">Discover the unforgettable flavors of Turkey\u2019s legendary cuisine\u2014grilled over glowing embers,<br \/>\nserved with modern flair, and ready to set America\u2019s dining scene ablaze.[\/vc_column_text][vc_empty_space height=&#8221;35px&#8221;][vc_btn title=&#8221;Dine with Us | [&#8230;]<\/p>\n","protected":false},"author":1,"featured_media":0,"parent":0,"menu_order":0,"comment_status":"closed","ping_status":"closed","template":"","meta":[],"_links":{"self":[{"href":"http:\/\/www.siralikebap.com\/index.php?rest_route=\/wp\/v2\/pages\/508"}],"collection":[{"href":"http:\/\/www.siralikebap.com\/index.php?rest_route=\/wp\/v2\/pages"}],"about":[{"href":"http:\/\/www.siralikebap.com\/index.php?rest_route=\/wp\/v2\/types\/page"}],"author":[{"embeddable":true,"href":"http:\/\/www.siralikebap.com\/index.php?rest_route=\/wp\/v2\/users\/1"}],"replies":[{"embeddable":true,"href":"http:\/\/www.siralikebap.com\/index.php?rest_route=%2Fwp%2Fv2%2Fcomments&post=508"}],"version-history":[{"count":42,"href":"http:\/\/www.siralikebap.com\/index.php?rest_route=\/wp\/v2\/pages\/508\/revisions"}],"predecessor-version":[{"id":734,"href":"http:\/\/www.siralikebap.com\/index.php?rest_route=\/wp\/v2\/pages\/508\/revisions\/734"}],"wp:attachment":[{"href":"http:\/\/www.siralikebap.com\/index.php?rest_route=%2Fwp%2Fv2%2Fmedia&parent=508"}],"curies":[{"name":"wp","href":"https:\/\/api.w.org\/{rel}","templated":true}]}}